{"id":7160,"date":"2022-12-19T14:44:16","date_gmt":"2022-12-19T13:44:16","guid":{"rendered":"https:\/\/be.abetlaminati.com\/network\/"},"modified":"2026-03-02T15:29:49","modified_gmt":"2026-03-02T14:29:49","slug":"reseau","status":"publish","type":"page","link":"https:\/\/be.abetlaminati.com\/fr\/reseau\/","title":{"rendered":"Network"},"content":{"rendered":"\t\t<div data-elementor-type=\"wp-page\" data-elementor-id=\"7160\" class=\"elementor elementor-7160\" data-elementor-post-type=\"page\">\n\t\t\t\t\t\t<section class=\"elementor-section elementor-top-section elementor-element elementor-element-6526550b elementor-section-boxed elementor-section-height-default elementor-section-height-default\" data-id=\"6526550b\" data-element_type=\"section\">\n\t\t\t\t\t\t<div class=\"elementor-container elementor-column-gap-default\">\n\t\t\t\t\t<div class=\"elementor-column elementor-col-50 elementor-top-column elementor-element elementor-element-39b7990e\" data-id=\"39b7990e\" data-element_type=\"column\">\n\t\t\t<div class=\"elementor-widget-wrap elementor-element-populated\">\n\t\t\t\t\t\t<div class=\"elementor-element elementor-element-34452afd elementor-widget elementor-widget-heading\" data-id=\"34452afd\" data-element_type=\"widget\" data-widget_type=\"heading.default\">\n\t\t\t\t<div class=\"elementor-widget-container\">\n\t\t\t\t\t<h2 class=\"elementor-heading-title elementor-size-default\">Network<\/h2>\t\t\t\t<\/div>\n\t\t\t\t<\/div>\n\t\t\t\t<div class=\"elementor-element elementor-element-20ada860 elementor-widget elementor-widget-text-editor\" data-id=\"20ada860\" data-element_type=\"widget\" data-widget_type=\"text-editor.default\">\n\t\t\t\t<div class=\"elementor-widget-container\">\n\t\t\t\t\t\t\t\t\t<p>Notre \u00e9quipe de techniciens professionnels est disponible et sera \u00e0 vos c\u00f4t\u00e9s pour d\u00e9velopper votre projet avec de nouvelles id\u00e9es et solutions.<\/p>\t\t\t\t\t\t\t\t<\/div>\n\t\t\t\t<\/div>\n\t\t\t\t\t<\/div>\n\t\t<\/div>\n\t\t\t\t<div class=\"elementor-column elementor-col-50 elementor-top-column elementor-element elementor-element-7b9aca43\" data-id=\"7b9aca43\" data-element_type=\"column\">\n\t\t\t<div class=\"elementor-widget-wrap elementor-element-populated\">\n\t\t\t\t\t\t<div class=\"elementor-element elementor-element-1b250146 elementor-widget__width-initial elementor-widget elementor-widget-image\" data-id=\"1b250146\" data-element_type=\"widget\" data-widget_type=\"image.default\">\n\t\t\t\t<div class=\"elementor-widget-container\">\n\t\t\t\t\t\t\t\t\t\t\t\t\t\t\t<img fetchpriority=\"high\" decoding=\"async\" width=\"800\" height=\"800\" src=\"https:\/\/be.abetlaminati.com\/wp-content\/uploads\/sites\/15\/2023\/10\/icona-pagina_network-1024x1024.jpg\" class=\"attachment-large size-large wp-image-360\" alt=\"\" srcset=\"https:\/\/be.abetlaminati.com\/wp-content\/uploads\/sites\/15\/2023\/10\/icona-pagina_network-1024x1024.jpg 1024w, https:\/\/be.abetlaminati.com\/wp-content\/uploads\/sites\/15\/2023\/10\/icona-pagina_network-300x300.jpg 300w, https:\/\/be.abetlaminati.com\/wp-content\/uploads\/sites\/15\/2023\/10\/icona-pagina_network-150x150.jpg 150w, https:\/\/be.abetlaminati.com\/wp-content\/uploads\/sites\/15\/2023\/10\/icona-pagina_network-768x768.jpg 768w, https:\/\/be.abetlaminati.com\/wp-content\/uploads\/sites\/15\/2023\/10\/icona-pagina_network.jpg 1500w\" sizes=\"(max-width: 800px) 100vw, 800px\" \/>\t\t\t\t\t\t\t\t\t\t\t\t\t\t\t<\/div>\n\t\t\t\t<\/div>\n\t\t\t\t\t<\/div>\n\t\t<\/div>\n\t\t\t\t\t<\/div>\n\t\t<\/section>\n\t\t\t\t<section class=\"elementor-section elementor-top-section elementor-element elementor-element-2a0e6a7f elementor-section-boxed elementor-section-height-default elementor-section-height-default\" data-id=\"2a0e6a7f\" data-element_type=\"section\">\n\t\t\t\t\t\t<div class=\"elementor-container elementor-column-gap-default\">\n\t\t\t\t\t<div class=\"elementor-column elementor-col-50 elementor-top-column elementor-element elementor-element-784e9c6\" data-id=\"784e9c6\" data-element_type=\"column\">\n\t\t\t<div class=\"elementor-widget-wrap elementor-element-populated\">\n\t\t\t\t\t\t<div class=\"elementor-element elementor-element-1d26d40c elementor-widget elementor-widget-heading\" data-id=\"1d26d40c\" data-element_type=\"widget\" data-widget_type=\"heading.default\">\n\t\t\t\t<div class=\"elementor-widget-container\">\n\t\t\t\t\t<h2 class=\"elementor-heading-title elementor-size-default\">Si\u00e8ge Social\n<\/h2>\t\t\t\t<\/div>\n\t\t\t\t<\/div>\n\t\t\t\t<section class=\"elementor-section elementor-inner-section elementor-element elementor-element-11a1eec8 elementor-section-boxed elementor-section-height-default elementor-section-height-default\" data-id=\"11a1eec8\" data-element_type=\"section\">\n\t\t\t\t\t\t<div class=\"elementor-container elementor-column-gap-default\">\n\t\t\t\t\t<div class=\"elementor-column elementor-col-50 elementor-inner-column elementor-element elementor-element-133aff97\" data-id=\"133aff97\" data-element_type=\"column\">\n\t\t\t<div class=\"elementor-widget-wrap elementor-element-populated\">\n\t\t\t\t\t\t<div class=\"elementor-element elementor-element-54e6fd57 elementor-widget elementor-widget-heading\" data-id=\"54e6fd57\" data-element_type=\"widget\" data-widget_type=\"heading.default\">\n\t\t\t\t<div class=\"elementor-widget-container\">\n\t\t\t\t\t<h5 class=\"elementor-heading-title elementor-size-default\">ABET LAMINATI S.p.A.<\/h5>\t\t\t\t<\/div>\n\t\t\t\t<\/div>\n\t\t\t\t<div class=\"elementor-element elementor-element-69da6a72 elementor-widget elementor-widget-text-editor\" data-id=\"69da6a72\" data-element_type=\"widget\" data-widget_type=\"text-editor.default\">\n\t\t\t\t<div class=\"elementor-widget-container\">\n\t\t\t\t\t\t\t\t\t<p>Viale Industria 21<br \/>12042 Bra (CN)<br \/>Italy<\/p><p>+39 0172 419111<br \/><a class=\"in-cell-link\" href=\"mailto:info@abetlaminati.com\" target=\"_blank\" rel=\"noopener\">info@abetlaminati.com<\/a><\/p>\t\t\t\t\t\t\t\t<\/div>\n\t\t\t\t<\/div>\n\t\t\t\t\t<\/div>\n\t\t<\/div>\n\t\t\t\t<div class=\"elementor-column elementor-col-50 elementor-inner-column elementor-element elementor-element-66ad826c\" data-id=\"66ad826c\" data-element_type=\"column\">\n\t\t\t<div class=\"elementor-widget-wrap elementor-element-populated\">\n\t\t\t\t\t\t<div class=\"elementor-element elementor-element-487c70b7 elementor-widget elementor-widget-heading\" data-id=\"487c70b7\" data-element_type=\"widget\" data-widget_type=\"heading.default\">\n\t\t\t\t<div class=\"elementor-widget-container\">\n\t\t\t\t\t<h5 class=\"elementor-heading-title elementor-size-default\">ABET USA Inc<\/h5>\t\t\t\t<\/div>\n\t\t\t\t<\/div>\n\t\t\t\t<div class=\"elementor-element elementor-element-49f85fe3 elementor-widget elementor-widget-text-editor\" data-id=\"49f85fe3\" data-element_type=\"widget\" data-widget_type=\"text-editor.default\">\n\t\t\t\t<div class=\"elementor-widget-container\">\n\t\t\t\t\t\t\t\t\t<p>N48W37031 E. Wisconsin Ave<br \/>Oconomowoc, WI 53066-3146<br \/>United States<\/p><p>+1 262-567-4427<br \/><a class=\"in-cell-link\" href=\"mailto:sales.us@abetlaminati.com\" target=\"_blank\" rel=\"noopener\">sales.us@abetlaminati.com<\/a><\/p><div>\u00a0<\/div><div>\u00a0<\/div><div>\u00a0<\/div>\t\t\t\t\t\t\t\t<\/div>\n\t\t\t\t<\/div>\n\t\t\t\t\t<\/div>\n\t\t<\/div>\n\t\t\t\t\t<\/div>\n\t\t<\/section>\n\t\t\t\t\t<\/div>\n\t\t<\/div>\n\t\t\t\t<div class=\"elementor-column elementor-col-50 elementor-top-column elementor-element elementor-element-66e8b0cc\" data-id=\"66e8b0cc\" data-element_type=\"column\">\n\t\t\t<div class=\"elementor-widget-wrap elementor-element-populated\">\n\t\t\t\t\t\t\t<\/div>\n\t\t<\/div>\n\t\t\t\t\t<\/div>\n\t\t<\/section>\n\t\t\t\t<section class=\"elementor-section elementor-top-section elementor-element elementor-element-566c101 elementor-section-boxed elementor-section-height-default elementor-section-height-default\" data-id=\"566c101\" data-element_type=\"section\">\n\t\t\t\t\t\t<div class=\"elementor-container elementor-column-gap-default\">\n\t\t\t\t\t<div class=\"elementor-column elementor-col-50 elementor-top-column elementor-element elementor-element-957fed3\" data-id=\"957fed3\" data-element_type=\"column\">\n\t\t\t<div class=\"elementor-widget-wrap elementor-element-populated\">\n\t\t\t\t\t\t<section class=\"elementor-section elementor-inner-section elementor-element elementor-element-cb4f221 elementor-section-boxed elementor-section-height-default elementor-section-height-default\" data-id=\"cb4f221\" data-element_type=\"section\">\n\t\t\t\t\t\t<div class=\"elementor-container elementor-column-gap-default\">\n\t\t\t\t\t<div class=\"elementor-column elementor-col-50 elementor-inner-column elementor-element elementor-element-a84b81e\" data-id=\"a84b81e\" data-element_type=\"column\">\n\t\t\t<div class=\"elementor-widget-wrap elementor-element-populated\">\n\t\t\t\t\t\t<div class=\"elementor-element elementor-element-6be1681 elementor-widget elementor-widget-heading\" data-id=\"6be1681\" data-element_type=\"widget\" data-widget_type=\"heading.default\">\n\t\t\t\t<div class=\"elementor-widget-container\">\n\t\t\t\t\t<h2 class=\"elementor-heading-title elementor-size-default\">Branches<\/h2>\t\t\t\t<\/div>\n\t\t\t\t<\/div>\n\t\t\t\t<div class=\"elementor-element elementor-element-dd48f23 elementor-widget elementor-widget-heading\" data-id=\"dd48f23\" data-element_type=\"widget\" data-widget_type=\"heading.default\">\n\t\t\t\t<div class=\"elementor-widget-container\">\n\t\t\t\t\t<h5 class=\"elementor-heading-title elementor-size-default\">Abet NV\n<\/h5>\t\t\t\t<\/div>\n\t\t\t\t<\/div>\n\t\t\t\t<div class=\"elementor-element elementor-element-e0550ca elementor-widget elementor-widget-text-editor\" data-id=\"e0550ca\" data-element_type=\"widget\" data-widget_type=\"text-editor.default\">\n\t\t\t\t<div class=\"elementor-widget-container\">\n\t\t\t\t\t\t\t\t\t<p>Oktrooiplein 1 bus 601<br \/>Gent 9000<br \/>Belgium<\/p><p><span style=\"font-size: 16px;color: var( --e-global-color-text );letter-spacing: 0.03em\">+32 2 460 19 10<br \/><\/span><a class=\"in-cell-link\" href=\"mailto:info.be@abetlaminati.com\" target=\"_blank\" rel=\"noopener\">info.be@abetlaminati.com<\/a><\/p>\t\t\t\t\t\t\t\t<\/div>\n\t\t\t\t<\/div>\n\t\t\t\t\t<\/div>\n\t\t<\/div>\n\t\t\t\t<div class=\"elementor-column elementor-col-50 elementor-inner-column elementor-element elementor-element-c9297fe\" data-id=\"c9297fe\" data-element_type=\"column\">\n\t\t\t<div class=\"elementor-widget-wrap elementor-element-populated\">\n\t\t\t\t\t\t<div class=\"elementor-element elementor-element-1857286 elementor-widget elementor-widget-heading\" data-id=\"1857286\" data-element_type=\"widget\" data-widget_type=\"heading.default\">\n\t\t\t\t<div class=\"elementor-widget-container\">\n\t\t\t\t\t<h2 class=\"elementor-heading-title elementor-size-default\">Agent &amp; Distributors<\/h2>\t\t\t\t<\/div>\n\t\t\t\t<\/div>\n\t\t\t\t<div class=\"elementor-element elementor-element-9af8869 elementor-widget elementor-widget-heading\" data-id=\"9af8869\" data-element_type=\"widget\" data-widget_type=\"heading.default\">\n\t\t\t\t<div class=\"elementor-widget-container\">\n\t\t\t\t\t<h5 class=\"elementor-heading-title elementor-size-default\">Triplaco<\/h5>\t\t\t\t<\/div>\n\t\t\t\t<\/div>\n\t\t\t\t<div class=\"elementor-element elementor-element-ac54685 elementor-widget elementor-widget-text-editor\" data-id=\"ac54685\" data-element_type=\"widget\" data-widget_type=\"text-editor.default\">\n\t\t\t\t<div class=\"elementor-widget-container\">\n\t\t\t\t\t\t\t\t\t<p>Generaal Deprezstraat 2<br \/>Harelbeke 8530<br \/>Belgium<\/p><p><span style=\"font-size: 16px;color: var( --e-global-color-text );letter-spacing: 0.03em\">+32 56 22 62 17<br \/><\/span><a href=\"mailto:info@triplaco.be\"><span style=\"font-size: 16px;color: var( --e-global-color-text );letter-spacing: 0.03em\">info@triplaco.be<\/span><\/a><\/p>\t\t\t\t\t\t\t\t<\/div>\n\t\t\t\t<\/div>\n\t\t\t\t\t<\/div>\n\t\t<\/div>\n\t\t\t\t\t<\/div>\n\t\t<\/section>\n\t\t\t\t\t<\/div>\n\t\t<\/div>\n\t\t\t\t<div class=\"elementor-column elementor-col-50 elementor-top-column elementor-element elementor-element-a4e02b2\" data-id=\"a4e02b2\" data-element_type=\"column\">\n\t\t\t<div class=\"elementor-widget-wrap elementor-element-populated\">\n\t\t\t\t\t\t<div class=\"elementor-element elementor-element-788ae6c elementor-widget elementor-widget-text-editor\" data-id=\"788ae6c\" data-element_type=\"widget\" data-widget_type=\"text-editor.default\">\n\t\t\t\t<div class=\"elementor-widget-container\">\n\t\t\t\t\t\t\t\t\t<div>\u00a0<\/div><div>\u00a0<\/div><div>\u00a0<\/div>\t\t\t\t\t\t\t\t<\/div>\n\t\t\t\t<\/div>\n\t\t\t\t\t<\/div>\n\t\t<\/div>\n\t\t\t\t\t<\/div>\n\t\t<\/section>\n\t\t\t\t<section class=\"elementor-section elementor-top-section elementor-element elementor-element-3e88966 elementor-section-full_width elementor-section-height-default elementor-section-height-default\" data-id=\"3e88966\" data-element_type=\"section\">\n\t\t\t\t\t\t<div class=\"elementor-container elementor-column-gap-default\">\n\t\t\t\t\t<div class=\"elementor-column elementor-col-50 elementor-top-column elementor-element elementor-element-4789ccf\" data-id=\"4789ccf\" data-element_type=\"column\">\n\t\t\t<div class=\"elementor-widget-wrap elementor-element-populated\">\n\t\t\t\t\t\t\t<\/div>\n\t\t<\/div>\n\t\t\t\t<div class=\"elementor-column elementor-col-50 elementor-top-column elementor-element elementor-element-c2ca758\" data-id=\"c2ca758\" data-element_type=\"column\">\n\t\t\t<div class=\"elementor-widget-wrap elementor-element-populated\">\n\t\t\t\t\t\t<div class=\"elementor-element elementor-element-bafa38e elementor-position-left elementor-widget__width-auto elementor-widget-tablet__width-inherit elementor-vertical-align-top elementor-widget elementor-widget-image-box\" data-id=\"bafa38e\" data-element_type=\"widget\" data-widget_type=\"image-box.default\">\n\t\t\t\t<div class=\"elementor-widget-container\">\n\t\t\t\t\t<div class=\"elementor-image-box-wrapper\"><figure class=\"elementor-image-box-img\"><img decoding=\"async\" src=\"https:\/\/be.abetlaminati.com\/wp-content\/uploads\/sites\/15\/elementor\/thumbs\/pin-nero-qgniwxp4pzp6znbsuz1bccpcqqmcoxqbsxe5zzd85q.png\" title=\"pin-nero\" alt=\"pin-nero\" loading=\"lazy\" \/><\/figure><div class=\"elementor-image-box-content\"><p class=\"elementor-image-box-title\">Agents &amp; Distributeurs<\/p><\/div><\/div>\t\t\t\t<\/div>\n\t\t\t\t<\/div>\n\t\t\t\t<div class=\"elementor-element elementor-element-a2b812b elementor-position-left elementor-widget__width-auto elementor-widget-tablet__width-inherit elementor-vertical-align-top elementor-widget elementor-widget-image-box\" data-id=\"a2b812b\" data-element_type=\"widget\" data-widget_type=\"image-box.default\">\n\t\t\t\t<div class=\"elementor-widget-container\">\n\t\t\t\t\t<div class=\"elementor-image-box-wrapper\"><figure class=\"elementor-image-box-img\"><img decoding=\"async\" src=\"https:\/\/be.abetlaminati.com\/wp-content\/uploads\/sites\/15\/elementor\/thumbs\/pin-bordo-nero-qe1dtp57a8zmadnbfo8wvgct18rjxjge163788pqby.png\" title=\"pin-bordo-nero\" alt=\"pin-bordo-nero\" loading=\"lazy\" \/><\/figure><div class=\"elementor-image-box-content\"><p class=\"elementor-image-box-title\">Filiales<\/p><\/div><\/div>\t\t\t\t<\/div>\n\t\t\t\t<\/div>\n\t\t\t\t<div class=\"elementor-element elementor-element-1d4bed3 elementor-position-left elementor-widget__width-auto elementor-widget-tablet__width-inherit elementor-vertical-align-top elementor-widget elementor-widget-image-box\" data-id=\"1d4bed3\" data-element_type=\"widget\" data-widget_type=\"image-box.default\">\n\t\t\t\t<div class=\"elementor-widget-container\">\n\t\t\t\t\t<div class=\"elementor-image-box-wrapper\"><figure class=\"elementor-image-box-img\"><img decoding=\"async\" src=\"https:\/\/be.abetlaminati.com\/wp-content\/uploads\/sites\/15\/elementor\/thumbs\/pin-giallo-qgniwzkt4jchghv9cuoxybhn56h8guka55ha8pda8o.png\" title=\"pin-giallo\" alt=\"pin-giallo\" loading=\"lazy\" \/><\/figure><div class=\"elementor-image-box-content\"><p class=\"elementor-image-box-title\">Revendeurs<\/p><\/div><\/div>\t\t\t\t<\/div>\n\t\t\t\t<\/div>\n\t\t\t\t\t<\/div>\n\t\t<\/div>\n\t\t\t\t\t<\/div>\n\t\t<\/section>\n\t\t\t\t<section class=\"elementor-section elementor-top-section elementor-element elementor-element-e4239e6 elementor-section-full_width elementor-section-height-default elementor-section-height-default\" data-id=\"e4239e6\" data-element_type=\"section\">\n\t\t\t\t\t\t<div class=\"elementor-container elementor-column-gap-default\">\n\t\t\t\t\t<div class=\"elementor-column elementor-col-100 elementor-top-column elementor-element elementor-element-7c11ccb\" data-id=\"7c11ccb\" data-element_type=\"column\">\n\t\t\t<div class=\"elementor-widget-wrap elementor-element-populated\">\n\t\t\t\t\t\t<div class=\"elementor-element elementor-element-a810b0d elementor-widget elementor-widget-shortcode\" data-id=\"a810b0d\" data-element_type=\"widget\" data-widget_type=\"shortcode.default\">\n\t\t\t\t<div class=\"elementor-widget-container\">\n\t\t\t\t\t\t\t<div class=\"elementor-shortcode\"><style>\r\n\t#wpsl-stores .wpsl-store-thumb {height:45px !important; width:45px !important;}\r\n\t#wpsl-stores, #wpsl-direction-details, #wpsl-gmap {height:350px !important;}\r\n\t#wpsl-gmap .wpsl-info-window {max-width:225px !important;}\r\n\t.wpsl-input label, #wpsl-radius label, #wpsl-category label {width:95px;}\r\n\t#wpsl-search-input  {width:179px;}\r\n<\/style>\r\n<div id=\"wpsl-wrap\" class=\"wpsl-store-below wk-flex-store\">\r\n\t<div id=\"wpsl-gmap\" class=\"wpsl-gmap-canvas\"><\/div>\r\n\t<div class=\"wk-flex-store wk-stores-container\">\r\n\t<div class=\"wpsl-search wpsl-clearfix wpsl-checkboxes-enabled\">\r\n\t\t<div id=\"wpsl-search-wrap\">\r\n\t\t\t<form autocomplete=\"off\">\r\n\t\t\t<div class=\"wpsl-input\">\r\n\t\t\t\t<div class=\"wk-location\"><label for=\"wpsl-search-input\">Votre localisation<\/label><\/div>\r\n\t\t\t\t<input id=\"wpsl-search-input\" type=\"text\" value=\"\" name=\"wpsl-search-input\" placeholder=\"\" aria-required=\"true\" \/>\r\n\t\t\t<\/div>\r\n<ul id=\"wpsl-checkbox-filter\" class=\"wpsl-checkbox-3-columns\"><li><label><input type=\"checkbox\" value=\"79\"  \/>Branches<\/label><\/li><li><label><input type=\"checkbox\" value=\"80\"  \/>Agents &amp; Distributors<\/label><\/li><li><label><input type=\"checkbox\" value=\"81\"  \/>Dealers<\/label><\/li><\/ul>\t\t\t\t<div class=\"wpsl-search-btn-wrap\"><input id=\"wpsl-search-btn\" type=\"submit\" value=\"Search\"><\/div>\r\n\t\t<\/form>\r\n\t\t<\/div>\r\n\t<\/div>\r\n\t<div id=\"wpsl-result-list\">\r\n\t\t<div id=\"wpsl-stores\" >\r\n\t\t\t<ul><\/ul>\r\n\t\t<\/div>\r\n\t\t<div id=\"wpsl-direction-details\">\r\n\t\t\t<ul><\/ul>\r\n\t\t<\/div>\r\n\t<\/div>\r\n\t<\/div>\r\n<\/div><br\/><br\/>\r\n<\/div>\n\t\t\t\t\t\t<\/div>\n\t\t\t\t<\/div>\n\t\t\t\t\t<\/div>\n\t\t<\/div>\n\t\t\t\t\t<\/div>\n\t\t<\/section>\n\t\t\t\t<\/div>\n\t\t","protected":false},"excerpt":{"rendered":"<p>Network Notre \u00e9quipe de techniciens professionnels est disponible et sera \u00e0 vos c\u00f4t\u00e9s pour d\u00e9velopper votre projet avec de nouvelles id\u00e9es et solutions. Si\u00e8ge Social ABET LAMINATI S.p.A. Viale Industria 2112042 Bra (CN)Italy +39 0172 419111info@abetlaminati.com ABET USA Inc N48W37031 E. Wisconsin AveOconomowoc, WI 53066-3146United States +1 262-567-4427sales.us@abetlaminati.com \u00a0\u00a0\u00a0 Branches Abet NV Oktrooiplein 1 bus [&hellip;]<\/p>\n","protected":false},"author":1,"featured_media":360,"parent":0,"menu_order":0,"comment_status":"closed","ping_status":"closed","template":"","meta":{"_acf_changed":false,"footnotes":""},"class_list":["post-7160","page","type-page","status-publish","has-post-thumbnail","hentry"],"acf":[],"yoast_head":"<!-- This site is optimized with the Yoast SEO plugin v25.7 - https:\/\/yoast.com\/wordpress\/plugins\/seo\/ -->\n<title>R\u00e9seau | Abet Laminati BE<\/title>\n<meta name=\"description\" content=\"Entrez dans l&#039;univers Abet Laminati, travaillez avec l&#039;un des plus importants fabricants de stratifi\u00e9s d\u00e9coratifs.\" \/>\n<meta name=\"robots\" content=\"index, follow, max-snippet:-1, max-image-preview:large, max-video-preview:-1\" \/>\n<link rel=\"canonical\" href=\"https:\/\/be.abetlaminati.com\/fr\/reseau\/\" \/>\n<meta property=\"og:locale\" content=\"fr_FR\" \/>\n<meta property=\"og:type\" content=\"article\" \/>\n<meta property=\"og:title\" content=\"R\u00e9seau | Abet Laminati BE\" \/>\n<meta property=\"og:description\" content=\"Entrez dans l&#039;univers Abet Laminati, travaillez avec l&#039;un des plus importants fabricants de stratifi\u00e9s d\u00e9coratifs.\" \/>\n<meta property=\"og:url\" content=\"https:\/\/be.abetlaminati.com\/fr\/reseau\/\" \/>\n<meta property=\"og:site_name\" content=\"Abet Laminati BE\" \/>\n<meta property=\"article:modified_time\" content=\"2026-03-02T14:29:49+00:00\" \/>\n<meta property=\"og:image\" content=\"https:\/\/be.abetlaminati.com\/wp-content\/uploads\/sites\/15\/2023\/10\/icona-pagina_network.jpg\" \/>\n\t<meta property=\"og:image:width\" content=\"1500\" \/>\n\t<meta property=\"og:image:height\" content=\"1500\" \/>\n\t<meta property=\"og:image:type\" content=\"image\/jpeg\" \/>\n<meta name=\"twitter:card\" content=\"summary_large_image\" \/>\n<script type=\"application\/ld+json\" class=\"yoast-schema-graph\">{\"@context\":\"https:\/\/schema.org\",\"@graph\":[{\"@type\":\"WebPage\",\"@id\":\"https:\/\/be.abetlaminati.com\/fr\/reseau\/\",\"url\":\"https:\/\/be.abetlaminati.com\/fr\/reseau\/\",\"name\":\"R\u00e9seau | Abet Laminati BE\",\"isPartOf\":{\"@id\":\"https:\/\/be.abetlaminati.com\/#website\"},\"primaryImageOfPage\":{\"@id\":\"https:\/\/be.abetlaminati.com\/fr\/reseau\/#primaryimage\"},\"image\":{\"@id\":\"https:\/\/be.abetlaminati.com\/fr\/reseau\/#primaryimage\"},\"thumbnailUrl\":\"https:\/\/be.abetlaminati.com\/wp-content\/uploads\/sites\/15\/2023\/10\/icona-pagina_network.jpg\",\"datePublished\":\"2022-12-19T13:44:16+00:00\",\"dateModified\":\"2026-03-02T14:29:49+00:00\",\"description\":\"Entrez dans l'univers Abet Laminati, travaillez avec l'un des plus importants fabricants de stratifi\u00e9s d\u00e9coratifs.\",\"breadcrumb\":{\"@id\":\"https:\/\/be.abetlaminati.com\/fr\/reseau\/#breadcrumb\"},\"inLanguage\":\"fr-FR\",\"potentialAction\":[{\"@type\":\"ReadAction\",\"target\":[\"https:\/\/be.abetlaminati.com\/fr\/reseau\/\"]}]},{\"@type\":\"ImageObject\",\"inLanguage\":\"fr-FR\",\"@id\":\"https:\/\/be.abetlaminati.com\/fr\/reseau\/#primaryimage\",\"url\":\"https:\/\/be.abetlaminati.com\/wp-content\/uploads\/sites\/15\/2023\/10\/icona-pagina_network.jpg\",\"contentUrl\":\"https:\/\/be.abetlaminati.com\/wp-content\/uploads\/sites\/15\/2023\/10\/icona-pagina_network.jpg\",\"width\":1500,\"height\":1500},{\"@type\":\"BreadcrumbList\",\"@id\":\"https:\/\/be.abetlaminati.com\/fr\/reseau\/#breadcrumb\",\"itemListElement\":[{\"@type\":\"ListItem\",\"position\":1,\"name\":\"Home\",\"item\":\"https:\/\/be.abetlaminati.com\/fr\/\"},{\"@type\":\"ListItem\",\"position\":2,\"name\":\"Network\"}]},{\"@type\":\"WebSite\",\"@id\":\"https:\/\/be.abetlaminati.com\/#website\",\"url\":\"https:\/\/be.abetlaminati.com\/\",\"name\":\"Abet Laminati\",\"description\":\"\",\"potentialAction\":[{\"@type\":\"SearchAction\",\"target\":{\"@type\":\"EntryPoint\",\"urlTemplate\":\"https:\/\/be.abetlaminati.com\/?s={search_term_string}\"},\"query-input\":{\"@type\":\"PropertyValueSpecification\",\"valueRequired\":true,\"valueName\":\"search_term_string\"}}],\"inLanguage\":\"fr-FR\"}]}<\/script>\n<!-- \/ Yoast SEO plugin. -->","yoast_head_json":{"title":"R\u00e9seau | Abet Laminati BE","description":"Entrez dans l'univers Abet Laminati, travaillez avec l'un des plus importants fabricants de stratifi\u00e9s d\u00e9coratifs.","robots":{"index":"index","follow":"follow","max-snippet":"max-snippet:-1","max-image-preview":"max-image-preview:large","max-video-preview":"max-video-preview:-1"},"canonical":"https:\/\/be.abetlaminati.com\/fr\/reseau\/","og_locale":"fr_FR","og_type":"article","og_title":"R\u00e9seau | Abet Laminati BE","og_description":"Entrez dans l'univers Abet Laminati, travaillez avec l'un des plus importants fabricants de stratifi\u00e9s d\u00e9coratifs.","og_url":"https:\/\/be.abetlaminati.com\/fr\/reseau\/","og_site_name":"Abet Laminati BE","article_modified_time":"2026-03-02T14:29:49+00:00","og_image":[{"width":1500,"height":1500,"url":"https:\/\/be.abetlaminati.com\/wp-content\/uploads\/sites\/15\/2023\/10\/icona-pagina_network.jpg","type":"image\/jpeg"}],"twitter_card":"summary_large_image","schema":{"@context":"https:\/\/schema.org","@graph":[{"@type":"WebPage","@id":"https:\/\/be.abetlaminati.com\/fr\/reseau\/","url":"https:\/\/be.abetlaminati.com\/fr\/reseau\/","name":"R\u00e9seau | Abet Laminati BE","isPartOf":{"@id":"https:\/\/be.abetlaminati.com\/#website"},"primaryImageOfPage":{"@id":"https:\/\/be.abetlaminati.com\/fr\/reseau\/#primaryimage"},"image":{"@id":"https:\/\/be.abetlaminati.com\/fr\/reseau\/#primaryimage"},"thumbnailUrl":"https:\/\/be.abetlaminati.com\/wp-content\/uploads\/sites\/15\/2023\/10\/icona-pagina_network.jpg","datePublished":"2022-12-19T13:44:16+00:00","dateModified":"2026-03-02T14:29:49+00:00","description":"Entrez dans l'univers Abet Laminati, travaillez avec l'un des plus importants fabricants de stratifi\u00e9s d\u00e9coratifs.","breadcrumb":{"@id":"https:\/\/be.abetlaminati.com\/fr\/reseau\/#breadcrumb"},"inLanguage":"fr-FR","potentialAction":[{"@type":"ReadAction","target":["https:\/\/be.abetlaminati.com\/fr\/reseau\/"]}]},{"@type":"ImageObject","inLanguage":"fr-FR","@id":"https:\/\/be.abetlaminati.com\/fr\/reseau\/#primaryimage","url":"https:\/\/be.abetlaminati.com\/wp-content\/uploads\/sites\/15\/2023\/10\/icona-pagina_network.jpg","contentUrl":"https:\/\/be.abetlaminati.com\/wp-content\/uploads\/sites\/15\/2023\/10\/icona-pagina_network.jpg","width":1500,"height":1500},{"@type":"BreadcrumbList","@id":"https:\/\/be.abetlaminati.com\/fr\/reseau\/#breadcrumb","itemListElement":[{"@type":"ListItem","position":1,"name":"Home","item":"https:\/\/be.abetlaminati.com\/fr\/"},{"@type":"ListItem","position":2,"name":"Network"}]},{"@type":"WebSite","@id":"https:\/\/be.abetlaminati.com\/#website","url":"https:\/\/be.abetlaminati.com\/","name":"Abet Laminati","description":"","potentialAction":[{"@type":"SearchAction","target":{"@type":"EntryPoint","urlTemplate":"https:\/\/be.abetlaminati.com\/?s={search_term_string}"},"query-input":{"@type":"PropertyValueSpecification","valueRequired":true,"valueName":"search_term_string"}}],"inLanguage":"fr-FR"}]}},"_links":{"self":[{"href":"https:\/\/be.abetlaminati.com\/fr\/wp-json\/wp\/v2\/pages\/7160","targetHints":{"allow":["GET"]}}],"collection":[{"href":"https:\/\/be.abetlaminati.com\/fr\/wp-json\/wp\/v2\/pages"}],"about":[{"href":"https:\/\/be.abetlaminati.com\/fr\/wp-json\/wp\/v2\/types\/page"}],"author":[{"embeddable":true,"href":"https:\/\/be.abetlaminati.com\/fr\/wp-json\/wp\/v2\/users\/1"}],"replies":[{"embeddable":true,"href":"https:\/\/be.abetlaminati.com\/fr\/wp-json\/wp\/v2\/comments?post=7160"}],"version-history":[{"count":16,"href":"https:\/\/be.abetlaminati.com\/fr\/wp-json\/wp\/v2\/pages\/7160\/revisions"}],"predecessor-version":[{"id":12697,"href":"https:\/\/be.abetlaminati.com\/fr\/wp-json\/wp\/v2\/pages\/7160\/revisions\/12697"}],"wp:featuredmedia":[{"embeddable":true,"href":"https:\/\/be.abetlaminati.com\/fr\/wp-json\/wp\/v2\/media\/360"}],"wp:attachment":[{"href":"https:\/\/be.abetlaminati.com\/fr\/wp-json\/wp\/v2\/media?parent=7160"}],"curies":[{"name":"wp","href":"https:\/\/api.w.org\/{rel}","templated":true}]}}