{"id":279,"date":"2022-11-22T08:47:48","date_gmt":"2022-11-22T07:47:48","guid":{"rendered":"https:\/\/be.dev.abetlaminati.com\/abet-hts\/"},"modified":"2025-10-15T20:29:20","modified_gmt":"2025-10-15T18:29:20","slug":"abet-hts","status":"publish","type":"page","link":"https:\/\/be.abetlaminati.com\/fr\/abet-hts\/","title":{"rendered":"Abet H.T.S."},"content":{"rendered":"\t\t<div data-elementor-type=\"wp-page\" data-elementor-id=\"279\" class=\"elementor elementor-279 elementor-2534\" data-elementor-post-type=\"page\">\n\t\t\t\t\t\t<section class=\"elementor-section elementor-top-section elementor-element elementor-element-1b8eaaa9 elementor-reverse-mobile elementor-section-boxed elementor-section-height-default elementor-section-height-default\" data-id=\"1b8eaaa9\" data-element_type=\"section\">\n\t\t\t\t\t\t<div class=\"elementor-container elementor-column-gap-default\">\n\t\t\t\t\t<div class=\"elementor-column elementor-col-50 elementor-top-column elementor-element elementor-element-6049748d\" data-id=\"6049748d\" data-element_type=\"column\">\n\t\t\t<div class=\"elementor-widget-wrap elementor-element-populated\">\n\t\t\t\t\t\t<div class=\"elementor-element elementor-element-efb994e elementor-hidden-mobile elementor-widget elementor-widget-heading\" data-id=\"efb994e\" data-element_type=\"widget\" data-widget_type=\"heading.default\">\n\t\t\t\t<div class=\"elementor-widget-container\">\n\t\t\t\t\t<h1 class=\"elementor-heading-title elementor-size-default\">Abet H.T.S.<\/h1>\t\t\t\t<\/div>\n\t\t\t\t<\/div>\n\t\t\t\t<div class=\"elementor-element elementor-element-236b942a elementor-widget elementor-widget-text-editor\" data-id=\"236b942a\" data-element_type=\"widget\" data-widget_type=\"text-editor.default\">\n\t\t\t\t<div class=\"elementor-widget-container\">\n\t\t\t\t\t\t\t\t\tBased on concepts of innovation and excellence, ABET HTS provides sandwich panels, composite materials and products designed to offer excellent performance for the marine, aerospace, industrial, civil, rail, automotive and defence sectors.\t\t\t\t\t\t\t\t<\/div>\n\t\t\t\t<\/div>\n\t\t\t\t\t<\/div>\n\t\t<\/div>\n\t\t\t\t<div class=\"elementor-column elementor-col-50 elementor-top-column elementor-element elementor-element-db84bf3\" data-id=\"db84bf3\" data-element_type=\"column\">\n\t\t\t<div class=\"elementor-widget-wrap elementor-element-populated\">\n\t\t\t\t\t\t<div class=\"elementor-element elementor-element-5c025c6b elementor-widget__width-initial elementor-widget elementor-widget-image\" data-id=\"5c025c6b\" data-element_type=\"widget\" data-widget_type=\"image.default\">\n\t\t\t\t<div class=\"elementor-widget-container\">\n\t\t\t\t\t\t\t\t\t\t\t\t\t\t\t<img decoding=\"async\" src=\"https:\/\/be.abetlaminati.com\/wp-content\/uploads\/sites\/15\/2023\/12\/ABET_HTS_LOGO.jpg\" title=\"\" alt=\"\" loading=\"lazy\" \/>\t\t\t\t\t\t\t\t\t\t\t\t\t\t\t<\/div>\n\t\t\t\t<\/div>\n\t\t\t\t\t<\/div>\n\t\t<\/div>\n\t\t\t\t\t<\/div>\n\t\t<\/section>\n\t\t\t\t<section class=\"elementor-section elementor-top-section elementor-element elementor-element-24e7dcd elementor-section-boxed elementor-section-height-default elementor-section-height-default\" data-id=\"24e7dcd\" data-element_type=\"section\">\n\t\t\t\t\t\t<div class=\"elementor-container elementor-column-gap-default\">\n\t\t\t\t\t<div class=\"elementor-column elementor-col-100 elementor-top-column elementor-element elementor-element-a6c9a4b\" data-id=\"a6c9a4b\" data-element_type=\"column\">\n\t\t\t<div class=\"elementor-widget-wrap elementor-element-populated\">\n\t\t\t\t\t\t<div class=\"elementor-element elementor-element-a0d1a25 elementor-align-center elementor-widget__width-inherit elementor-widget elementor-widget-button\" data-id=\"a0d1a25\" data-element_type=\"widget\" data-widget_type=\"button.default\">\n\t\t\t\t<div class=\"elementor-widget-container\">\n\t\t\t\t\t\t\t\t\t<div class=\"elementor-button-wrapper\">\n\t\t\t\t\t<a class=\"elementor-button elementor-button-link elementor-size-md\" href=\"https:\/\/www.abethts.com\/\">\n\t\t\t\t\t\t<span class=\"elementor-button-content-wrapper\">\n\t\t\t\t\t\t\t\t\t<span class=\"elementor-button-text\">Cliquez ici<\/span>\n\t\t\t\t\t<\/span>\n\t\t\t\t\t<\/a>\n\t\t\t\t<\/div>\n\t\t\t\t\t\t\t\t<\/div>\n\t\t\t\t<\/div>\n\t\t\t\t\t<\/div>\n\t\t<\/div>\n\t\t\t\t\t<\/div>\n\t\t<\/section>\n\t\t\t\t<\/div>\n\t\t","protected":false},"excerpt":{"rendered":"<p>Based on concepts of innovation and excellence, ABET HTS provides sandwich panels, composite materials and products designed to offer excellent performance for the marine, aerospace, industrial, civil, rail, automotive and defence sectors. Cliquez ici<\/p>\n","protected":false},"author":1,"featured_media":7246,"parent":0,"menu_order":0,"comment_status":"closed","ping_status":"closed","template":"","meta":{"_acf_changed":false,"footnotes":""},"class_list":["post-279","page","type-page","status-publish","has-post-thumbnail","hentry"],"acf":[],"yoast_head":"<!-- This site is optimized with the Yoast SEO plugin v25.7 - https:\/\/yoast.com\/wordpress\/plugins\/seo\/ -->\n<title>Abet H.T.S. | Abet Laminati BE<\/title>\n<meta name=\"description\" content=\"Abet Lab est l&#039;univers de solutions d&#039;Abet Laminati d\u00e9di\u00e9 aux projets personnalis\u00e9s.\" \/>\n<meta name=\"robots\" content=\"index, follow, max-snippet:-1, max-image-preview:large, max-video-preview:-1\" \/>\n<link rel=\"canonical\" href=\"https:\/\/be.abetlaminati.com\/fr\/abet-hts\/\" \/>\n<meta property=\"og:locale\" content=\"fr_FR\" \/>\n<meta property=\"og:type\" content=\"article\" \/>\n<meta property=\"og:title\" content=\"Abet H.T.S. | Abet Laminati BE\" \/>\n<meta property=\"og:description\" content=\"Abet Lab est l&#039;univers de solutions d&#039;Abet Laminati d\u00e9di\u00e9 aux projets personnalis\u00e9s.\" \/>\n<meta property=\"og:url\" content=\"https:\/\/be.abetlaminati.com\/fr\/abet-hts\/\" \/>\n<meta property=\"og:site_name\" content=\"Abet Laminati BE\" \/>\n<meta property=\"article:modified_time\" content=\"2025-10-15T18:29:20+00:00\" \/>\n<meta property=\"og:image\" content=\"https:\/\/be.abetlaminati.com\/wp-content\/uploads\/sites\/15\/2023\/12\/ABET_HTS_LOGO.jpg\" \/>\n\t<meta property=\"og:image:width\" content=\"1000\" \/>\n\t<meta property=\"og:image:height\" content=\"432\" \/>\n\t<meta property=\"og:image:type\" content=\"image\/jpeg\" \/>\n<meta name=\"twitter:card\" content=\"summary_large_image\" \/>\n<script type=\"application\/ld+json\" class=\"yoast-schema-graph\">{\"@context\":\"https:\/\/schema.org\",\"@graph\":[{\"@type\":\"WebPage\",\"@id\":\"https:\/\/be.abetlaminati.com\/fr\/abet-hts\/\",\"url\":\"https:\/\/be.abetlaminati.com\/fr\/abet-hts\/\",\"name\":\"Abet H.T.S. | Abet Laminati BE\",\"isPartOf\":{\"@id\":\"https:\/\/be.abetlaminati.com\/#website\"},\"primaryImageOfPage\":{\"@id\":\"https:\/\/be.abetlaminati.com\/fr\/abet-hts\/#primaryimage\"},\"image\":{\"@id\":\"https:\/\/be.abetlaminati.com\/fr\/abet-hts\/#primaryimage\"},\"thumbnailUrl\":\"https:\/\/be.abetlaminati.com\/wp-content\/uploads\/sites\/15\/2023\/12\/ABET_HTS_LOGO.jpg\",\"datePublished\":\"2022-11-22T07:47:48+00:00\",\"dateModified\":\"2025-10-15T18:29:20+00:00\",\"description\":\"Abet Lab est l'univers de solutions d'Abet Laminati d\u00e9di\u00e9 aux projets personnalis\u00e9s.\",\"breadcrumb\":{\"@id\":\"https:\/\/be.abetlaminati.com\/fr\/abet-hts\/#breadcrumb\"},\"inLanguage\":\"fr-FR\",\"potentialAction\":[{\"@type\":\"ReadAction\",\"target\":[\"https:\/\/be.abetlaminati.com\/fr\/abet-hts\/\"]}]},{\"@type\":\"ImageObject\",\"inLanguage\":\"fr-FR\",\"@id\":\"https:\/\/be.abetlaminati.com\/fr\/abet-hts\/#primaryimage\",\"url\":\"https:\/\/be.abetlaminati.com\/wp-content\/uploads\/sites\/15\/2023\/12\/ABET_HTS_LOGO.jpg\",\"contentUrl\":\"https:\/\/be.abetlaminati.com\/wp-content\/uploads\/sites\/15\/2023\/12\/ABET_HTS_LOGO.jpg\",\"width\":1000,\"height\":432},{\"@type\":\"BreadcrumbList\",\"@id\":\"https:\/\/be.abetlaminati.com\/fr\/abet-hts\/#breadcrumb\",\"itemListElement\":[{\"@type\":\"ListItem\",\"position\":1,\"name\":\"Home\",\"item\":\"https:\/\/be.abetlaminati.com\/fr\/\"},{\"@type\":\"ListItem\",\"position\":2,\"name\":\"Abet H.T.S.\"}]},{\"@type\":\"WebSite\",\"@id\":\"https:\/\/be.abetlaminati.com\/#website\",\"url\":\"https:\/\/be.abetlaminati.com\/\",\"name\":\"Abet Laminati\",\"description\":\"\",\"potentialAction\":[{\"@type\":\"SearchAction\",\"target\":{\"@type\":\"EntryPoint\",\"urlTemplate\":\"https:\/\/be.abetlaminati.com\/?s={search_term_string}\"},\"query-input\":{\"@type\":\"PropertyValueSpecification\",\"valueRequired\":true,\"valueName\":\"search_term_string\"}}],\"inLanguage\":\"fr-FR\"}]}<\/script>\n<!-- \/ Yoast SEO plugin. -->","yoast_head_json":{"title":"Abet H.T.S. | Abet Laminati BE","description":"Abet Lab est l'univers de solutions d'Abet Laminati d\u00e9di\u00e9 aux projets personnalis\u00e9s.","robots":{"index":"index","follow":"follow","max-snippet":"max-snippet:-1","max-image-preview":"max-image-preview:large","max-video-preview":"max-video-preview:-1"},"canonical":"https:\/\/be.abetlaminati.com\/fr\/abet-hts\/","og_locale":"fr_FR","og_type":"article","og_title":"Abet H.T.S. | Abet Laminati BE","og_description":"Abet Lab est l'univers de solutions d'Abet Laminati d\u00e9di\u00e9 aux projets personnalis\u00e9s.","og_url":"https:\/\/be.abetlaminati.com\/fr\/abet-hts\/","og_site_name":"Abet Laminati BE","article_modified_time":"2025-10-15T18:29:20+00:00","og_image":[{"width":1000,"height":432,"url":"https:\/\/be.abetlaminati.com\/wp-content\/uploads\/sites\/15\/2023\/12\/ABET_HTS_LOGO.jpg","type":"image\/jpeg"}],"twitter_card":"summary_large_image","schema":{"@context":"https:\/\/schema.org","@graph":[{"@type":"WebPage","@id":"https:\/\/be.abetlaminati.com\/fr\/abet-hts\/","url":"https:\/\/be.abetlaminati.com\/fr\/abet-hts\/","name":"Abet H.T.S. | Abet Laminati BE","isPartOf":{"@id":"https:\/\/be.abetlaminati.com\/#website"},"primaryImageOfPage":{"@id":"https:\/\/be.abetlaminati.com\/fr\/abet-hts\/#primaryimage"},"image":{"@id":"https:\/\/be.abetlaminati.com\/fr\/abet-hts\/#primaryimage"},"thumbnailUrl":"https:\/\/be.abetlaminati.com\/wp-content\/uploads\/sites\/15\/2023\/12\/ABET_HTS_LOGO.jpg","datePublished":"2022-11-22T07:47:48+00:00","dateModified":"2025-10-15T18:29:20+00:00","description":"Abet Lab est l'univers de solutions d'Abet Laminati d\u00e9di\u00e9 aux projets personnalis\u00e9s.","breadcrumb":{"@id":"https:\/\/be.abetlaminati.com\/fr\/abet-hts\/#breadcrumb"},"inLanguage":"fr-FR","potentialAction":[{"@type":"ReadAction","target":["https:\/\/be.abetlaminati.com\/fr\/abet-hts\/"]}]},{"@type":"ImageObject","inLanguage":"fr-FR","@id":"https:\/\/be.abetlaminati.com\/fr\/abet-hts\/#primaryimage","url":"https:\/\/be.abetlaminati.com\/wp-content\/uploads\/sites\/15\/2023\/12\/ABET_HTS_LOGO.jpg","contentUrl":"https:\/\/be.abetlaminati.com\/wp-content\/uploads\/sites\/15\/2023\/12\/ABET_HTS_LOGO.jpg","width":1000,"height":432},{"@type":"BreadcrumbList","@id":"https:\/\/be.abetlaminati.com\/fr\/abet-hts\/#breadcrumb","itemListElement":[{"@type":"ListItem","position":1,"name":"Home","item":"https:\/\/be.abetlaminati.com\/fr\/"},{"@type":"ListItem","position":2,"name":"Abet H.T.S."}]},{"@type":"WebSite","@id":"https:\/\/be.abetlaminati.com\/#website","url":"https:\/\/be.abetlaminati.com\/","name":"Abet Laminati","description":"","potentialAction":[{"@type":"SearchAction","target":{"@type":"EntryPoint","urlTemplate":"https:\/\/be.abetlaminati.com\/?s={search_term_string}"},"query-input":{"@type":"PropertyValueSpecification","valueRequired":true,"valueName":"search_term_string"}}],"inLanguage":"fr-FR"}]}},"_links":{"self":[{"href":"https:\/\/be.abetlaminati.com\/fr\/wp-json\/wp\/v2\/pages\/279","targetHints":{"allow":["GET"]}}],"collection":[{"href":"https:\/\/be.abetlaminati.com\/fr\/wp-json\/wp\/v2\/pages"}],"about":[{"href":"https:\/\/be.abetlaminati.com\/fr\/wp-json\/wp\/v2\/types\/page"}],"author":[{"embeddable":true,"href":"https:\/\/be.abetlaminati.com\/fr\/wp-json\/wp\/v2\/users\/1"}],"replies":[{"embeddable":true,"href":"https:\/\/be.abetlaminati.com\/fr\/wp-json\/wp\/v2\/comments?post=279"}],"version-history":[{"count":6,"href":"https:\/\/be.abetlaminati.com\/fr\/wp-json\/wp\/v2\/pages\/279\/revisions"}],"predecessor-version":[{"id":10207,"href":"https:\/\/be.abetlaminati.com\/fr\/wp-json\/wp\/v2\/pages\/279\/revisions\/10207"}],"wp:featuredmedia":[{"embeddable":true,"href":"https:\/\/be.abetlaminati.com\/fr\/wp-json\/wp\/v2\/media\/7246"}],"wp:attachment":[{"href":"https:\/\/be.abetlaminati.com\/fr\/wp-json\/wp\/v2\/media?parent=279"}],"curies":[{"name":"wp","href":"https:\/\/api.w.org\/{rel}","templated":true}]}}