{"id":12211,"date":"2025-12-16T21:06:37","date_gmt":"2025-12-16T20:06:37","guid":{"rendered":"https:\/\/be.abetlaminati.com\/re-abet\/"},"modified":"2025-12-16T21:12:39","modified_gmt":"2025-12-16T20:12:39","slug":"re-abet","status":"publish","type":"page","link":"https:\/\/be.abetlaminati.com\/fr\/re-abet\/","title":{"rendered":"Re-Abet"},"content":{"rendered":"\t\t<div data-elementor-type=\"wp-page\" data-elementor-id=\"12211\" class=\"elementor elementor-12211 elementor-12192\" data-elementor-post-type=\"page\">\n\t\t\t\t\t\t<section class=\"elementor-section elementor-top-section elementor-element elementor-element-473039e9 elementor-section-boxed elementor-section-height-default elementor-section-height-default\" data-id=\"473039e9\" data-element_type=\"section\">\n\t\t\t\t\t\t<div class=\"elementor-container elementor-column-gap-default\">\n\t\t\t\t\t<div class=\"elementor-column elementor-col-50 elementor-top-column elementor-element elementor-element-6e703013\" data-id=\"6e703013\" data-element_type=\"column\">\n\t\t\t<div class=\"elementor-widget-wrap elementor-element-populated\">\n\t\t\t\t\t\t<div class=\"elementor-element elementor-element-4c90ff86 elementor-widget elementor-widget-heading\" data-id=\"4c90ff86\" data-element_type=\"widget\" data-widget_type=\"heading.default\">\n\t\t\t\t<div class=\"elementor-widget-container\">\n\t\t\t\t\t<h1 class=\"elementor-heading-title elementor-size-default\">Re\u2013Abet<\/h1>\t\t\t\t<\/div>\n\t\t\t\t<\/div>\n\t\t\t\t<div class=\"elementor-element elementor-element-746101e2 elementor-widget elementor-widget-text-editor\" data-id=\"746101e2\" data-element_type=\"widget\" data-widget_type=\"text-editor.default\">\n\t\t\t\t<div class=\"elementor-widget-container\">\n\t\t\t\t\t\t\t\t\t<strong>fabriqu\u00e9 \u00e0 partir de papier kraft recycl\u00e9\n\n<\/strong>\t\t\t\t\t\t\t\t<\/div>\n\t\t\t\t<\/div>\n\t\t\t\t<div class=\"elementor-element elementor-element-38ddb76b elementor-widget elementor-widget-heading\" data-id=\"38ddb76b\" data-element_type=\"widget\" data-widget_type=\"heading.default\">\n\t\t\t\t<div class=\"elementor-widget-container\">\n\t\t\t\t\t<h2 class=\"elementor-heading-title elementor-size-default\">Re-Abet repr\u00e9sente le choix durable d'Abet Laminati: un noyau compos\u00e9 \u00e0 100 % de papier kraft recycl\u00e9 post-consommation.\n<\/h2>\t\t\t\t<\/div>\n\t\t\t\t<\/div>\n\t\t\t\t\t<\/div>\n\t\t<\/div>\n\t\t\t\t<div class=\"elementor-column elementor-col-50 elementor-top-column elementor-element elementor-element-d029912\" data-id=\"d029912\" data-element_type=\"column\">\n\t\t\t<div class=\"elementor-widget-wrap elementor-element-populated\">\n\t\t\t\t\t\t<div class=\"elementor-element elementor-element-5939d634 elementor-widget__width-initial elementor-widget elementor-widget-image\" data-id=\"5939d634\" data-element_type=\"widget\" data-widget_type=\"image.default\">\n\t\t\t\t<div class=\"elementor-widget-container\">\n\t\t\t\t\t\t\t\t\t\t\t\t\t\t\t<img fetchpriority=\"high\" decoding=\"async\" width=\"800\" height=\"800\" src=\"https:\/\/be.abetlaminati.com\/wp-content\/uploads\/sites\/15\/2025\/12\/Abet-Laminati_icona-lettera_Re-Abet-1024x1024.webp\" class=\"attachment-large size-large wp-image-12195\" alt=\"\" srcset=\"https:\/\/be.abetlaminati.com\/wp-content\/uploads\/sites\/15\/2025\/12\/Abet-Laminati_icona-lettera_Re-Abet-1024x1024.webp 1024w, https:\/\/be.abetlaminati.com\/wp-content\/uploads\/sites\/15\/2025\/12\/Abet-Laminati_icona-lettera_Re-Abet-300x300.webp 300w, https:\/\/be.abetlaminati.com\/wp-content\/uploads\/sites\/15\/2025\/12\/Abet-Laminati_icona-lettera_Re-Abet-150x150.webp 150w, https:\/\/be.abetlaminati.com\/wp-content\/uploads\/sites\/15\/2025\/12\/Abet-Laminati_icona-lettera_Re-Abet-768x768.webp 768w, https:\/\/be.abetlaminati.com\/wp-content\/uploads\/sites\/15\/2025\/12\/Abet-Laminati_icona-lettera_Re-Abet.webp 1500w\" sizes=\"(max-width: 800px) 100vw, 800px\" \/>\t\t\t\t\t\t\t\t\t\t\t\t\t\t\t<\/div>\n\t\t\t\t<\/div>\n\t\t\t\t\t<\/div>\n\t\t<\/div>\n\t\t\t\t\t<\/div>\n\t\t<\/section>\n\t\t\t\t<section class=\"elementor-section elementor-top-section elementor-element elementor-element-57446609 elementor-section-boxed elementor-section-height-default elementor-section-height-default\" data-id=\"57446609\" data-element_type=\"section\">\n\t\t\t\t\t\t<div class=\"elementor-container elementor-column-gap-default\">\n\t\t\t\t\t<div class=\"elementor-column elementor-col-100 elementor-top-column elementor-element elementor-element-13f99c8e\" data-id=\"13f99c8e\" data-element_type=\"column\">\n\t\t\t<div class=\"elementor-widget-wrap elementor-element-populated\">\n\t\t\t\t\t\t<div class=\"elementor-element elementor-element-5348d29e elementor-widget elementor-widget-image\" data-id=\"5348d29e\" data-element_type=\"widget\" data-widget_type=\"image.default\">\n\t\t\t\t<div class=\"elementor-widget-container\">\n\t\t\t\t\t\t\t\t\t\t\t\t\t\t\t<img decoding=\"async\" width=\"2000\" height=\"1432\" src=\"https:\/\/be.abetlaminati.com\/wp-content\/uploads\/sites\/15\/2025\/12\/img-sito_print-hpl_3.jpg\" class=\"attachment-2048x2048 size-2048x2048 wp-image-12199\" alt=\"\" srcset=\"https:\/\/be.abetlaminati.com\/wp-content\/uploads\/sites\/15\/2025\/12\/img-sito_print-hpl_3.jpg 2000w, https:\/\/be.abetlaminati.com\/wp-content\/uploads\/sites\/15\/2025\/12\/img-sito_print-hpl_3-300x215.jpg 300w, https:\/\/be.abetlaminati.com\/wp-content\/uploads\/sites\/15\/2025\/12\/img-sito_print-hpl_3-1024x733.jpg 1024w, https:\/\/be.abetlaminati.com\/wp-content\/uploads\/sites\/15\/2025\/12\/img-sito_print-hpl_3-768x550.jpg 768w, https:\/\/be.abetlaminati.com\/wp-content\/uploads\/sites\/15\/2025\/12\/img-sito_print-hpl_3-1536x1100.jpg 1536w\" sizes=\"(max-width: 2000px) 100vw, 2000px\" \/>\t\t\t\t\t\t\t\t\t\t\t\t\t\t\t<\/div>\n\t\t\t\t<\/div>\n\t\t\t\t\t<\/div>\n\t\t<\/div>\n\t\t\t\t\t<\/div>\n\t\t<\/section>\n\t\t\t\t<section class=\"elementor-section elementor-top-section elementor-element elementor-element-1d1e2e62 elementor-section-boxed elementor-section-height-default elementor-section-height-default\" data-id=\"1d1e2e62\" data-element_type=\"section\">\n\t\t\t\t\t\t<div class=\"elementor-container elementor-column-gap-default\">\n\t\t\t\t\t<div class=\"elementor-column elementor-col-50 elementor-top-column elementor-element elementor-element-4a68a3b\" data-id=\"4a68a3b\" data-element_type=\"column\">\n\t\t\t<div class=\"elementor-widget-wrap elementor-element-populated\">\n\t\t\t\t\t\t<div class=\"elementor-element elementor-element-4ecc87de elementor-widget elementor-widget-heading\" data-id=\"4ecc87de\" data-element_type=\"widget\" data-widget_type=\"heading.default\">\n\t\t\t\t<div class=\"elementor-widget-container\">\n\t\t\t\t\t<h2 class=\"elementor-heading-title elementor-size-default\">Les stratifi\u00e9s d\u00e9coratifs Abet fabriqu\u00e9s avec un noyau Re-Abet, fins ou \u00e9pais, sont extr\u00eamement polyvalents et offrent une excellente durabilit\u00e9 et un attrait esth\u00e9tique.\n<\/h2>\t\t\t\t<\/div>\n\t\t\t\t<\/div>\n\t\t\t\t\t<\/div>\n\t\t<\/div>\n\t\t\t\t<div class=\"elementor-column elementor-col-50 elementor-top-column elementor-element elementor-element-53e7106a\" data-id=\"53e7106a\" data-element_type=\"column\">\n\t\t\t<div class=\"elementor-widget-wrap elementor-element-populated\">\n\t\t\t\t\t\t<div class=\"elementor-element elementor-element-6bf041e4 elementor-widget elementor-widget-text-editor\" data-id=\"6bf041e4\" data-element_type=\"widget\" data-widget_type=\"text-editor.default\">\n\t\t\t\t<div class=\"elementor-widget-container\">\n\t\t\t\t\t\t\t\t\t<p>Hygi\u00e9nique, r\u00e9sistant et facile \u00e0 nettoyer, Print Re-Abet est la solution id\u00e9ale pour les applications horizontales et verticales.<\/p><p><span style=\"font-size: 18px; letter-spacing: 0.03em; word-spacing: 0.07em;\">Compact Re-Abet est un mat\u00e9riau de haute qualit\u00e9 compos\u00e9 d\u2019un noyau compact unique et solide, garantissant une excellente combinaison de caract\u00e9ristiques m\u00e9caniques : flexion, traction, compression et r\u00e9sistance aux chocs.<\/span><\/p>\t\t\t\t\t\t\t\t<\/div>\n\t\t\t\t<\/div>\n\t\t\t\t\t<\/div>\n\t\t<\/div>\n\t\t\t\t\t<\/div>\n\t\t<\/section>\n\t\t\t\t<section class=\"elementor-section elementor-top-section elementor-element elementor-element-74a0b929 elementor-section-boxed elementor-section-height-default elementor-section-height-default\" data-id=\"74a0b929\" data-element_type=\"section\">\n\t\t\t\t\t\t<div class=\"elementor-container elementor-column-gap-default\">\n\t\t\t\t\t<div class=\"elementor-column elementor-col-100 elementor-top-column elementor-element elementor-element-71160c57\" data-id=\"71160c57\" data-element_type=\"column\">\n\t\t\t<div class=\"elementor-widget-wrap elementor-element-populated\">\n\t\t\t\t\t\t<div class=\"elementor-element elementor-element-200c8797 elementor-widget elementor-widget-heading\" data-id=\"200c8797\" data-element_type=\"widget\" data-widget_type=\"heading.default\">\n\t\t\t\t<div class=\"elementor-widget-container\">\n\t\t\t\t\t<h4 class=\"elementor-heading-title elementor-size-default\">T\u00e9l\u00e9chargement\n<\/h4>\t\t\t\t<\/div>\n\t\t\t\t<\/div>\n\t\t\t\t<div class=\"elementor-element elementor-element-239bc7a5 elementor-widget elementor-widget-wk_download_standard\" data-id=\"239bc7a5\" data-element_type=\"widget\" data-widget_type=\"wk_download_standard.default\">\n\t\t\t\t<div class=\"elementor-widget-container\">\n\t\t\t\t\t<div class=\"wk_download_prodotto \"><div class=\"wk_brochure_container\">\t<a href=\"https:\/\/be.abetlaminati.com\/wp-content\/uploads\/2025\/02\/Abet-Re-Abet-2025.pdf\" class=\"wk_brochure\" target=\"_blank\" download>\t\t<div class=\"wk_brochure_cover\">\t\t\t<img decoding=\"async\" src=\"https:\/\/be.abetlaminati.com\/wp-content\/uploads\/2025\/02\/Abet-Re-Abet-2025-COVER-846x1200.jpg\" \/>\t\t<\/div>\t<\/a><\/div><div class=\"wk_documenti_container\"><ul class=\"wk_documenti_lista\"><li class=\"wk_documenti_item \">\t<a href=\"https:\/\/be.abetlaminati.com\/wp-content\/uploads\/2025\/02\/Abet-Re-Abet-2025.pdf\">\t\t<span class=\"wk_document_icon\">\n\t\t\t\t\t\t\t\t\t\t\t<svg id=\"icona_download\" data-name=\"icona download\" xmlns=\"http:\/\/www.w3.org\/2000\/svg\" width=\"21.614\" height=\"19.595\" viewBox=\"0 0 21.614 19.595\"><path id=\"Tracciato_26\" data-name=\"Tracciato 26\" d=\"M21.264,13.714c-.475.119-.594.594-.594,1.069V18.7c0,.475-.119.594-.594.594H2.856c-.475,0-.594-.119-.594-.594V14.783a1.039,1.039,0,0,0-.594-1.069c-.475-.119-.713,0-1.069.594v6.176a1.206,1.206,0,0,0,1.188.594H21.145a1.158,1.158,0,0,0,1.069-.475V14.308C22.1,13.714,21.739,13.477,21.264,13.714Z\" transform=\"translate(-0.6 -1.482)\"><\/path> <path id=\"Tracciato_27\" data-name=\"Tracciato 27\" d=\"M10.109,18.72a.891.891,0,0,0,1.425,0c1.663-1.544,3.207-3.207,4.75-4.75.475-.475.475-.95.119-1.306s-.831-.356-1.306.119l-2.969,2.969a1.639,1.639,0,0,1-.475.356V4.113a.867.867,0,0,0-.831-.713.785.785,0,0,0-.831.713V16.226c-.238-.356-.238-.475-.356-.475-1.069-1.069-2.019-2.138-3.088-3.088-.475-.475-.95-.475-1.306-.119s-.356.831.119,1.306C6.9,15.514,8.447,17.057,10.109,18.72Z\" transform=\"translate(0.222 -3.4)\"><\/path><\/svg>\n\t\t\t\t\t\t\t\t\t\t<\/span>\t\t<span class=\"wk_document_title\">Re-Abet Brochure <\/span>\t<\/a><\/li><\/ul><\/div><\/div>\t\t\t\t<\/div>\n\t\t\t\t<\/div>\n\t\t\t\t\t<\/div>\n\t\t<\/div>\n\t\t\t\t\t<\/div>\n\t\t<\/section>\n\t\t\t\t<\/div>\n\t\t","protected":false},"excerpt":{"rendered":"<p>Re\u2013Abet fabriqu\u00e9 \u00e0 partir de papier kraft recycl\u00e9 Re-Abet repr\u00e9sente le choix durable d&rsquo;Abet Laminati: un noyau compos\u00e9 \u00e0 100 % de papier kraft recycl\u00e9 post-consommation. Les stratifi\u00e9s d\u00e9coratifs Abet fabriqu\u00e9s avec un noyau Re-Abet, fins ou \u00e9pais, sont extr\u00eamement polyvalents et offrent une excellente durabilit\u00e9 et un attrait esth\u00e9tique. Hygi\u00e9nique, r\u00e9sistant et facile \u00e0 [&hellip;]<\/p>\n","protected":false},"author":1,"featured_media":12195,"parent":0,"menu_order":0,"comment_status":"closed","ping_status":"closed","template":"","meta":{"_acf_changed":false,"footnotes":""},"class_list":["post-12211","page","type-page","status-publish","has-post-thumbnail","hentry"],"acf":[],"yoast_head":"<!-- This site is optimized with the Yoast SEO plugin v25.7 - https:\/\/yoast.com\/wordpress\/plugins\/seo\/ -->\n<title>Re-Abet | Abet Laminati BE<\/title>\n<meta name=\"description\" content=\"Re-Abet repr\u00e9sente le choix durable d&#039;Abet Laminati: le c\u0153ur du stratifi\u00e9 est compos\u00e9 \u00e0 100 % de papier kraft recycl\u00e9 post-consommation.\" \/>\n<meta name=\"robots\" content=\"index, follow, max-snippet:-1, max-image-preview:large, max-video-preview:-1\" \/>\n<link rel=\"canonical\" href=\"https:\/\/be.abetlaminati.com\/fr\/re-abet\/\" \/>\n<meta property=\"og:locale\" content=\"fr_FR\" \/>\n<meta property=\"og:type\" content=\"article\" \/>\n<meta property=\"og:title\" content=\"Re-Abet | Abet Laminati BE\" \/>\n<meta property=\"og:description\" content=\"Re-Abet repr\u00e9sente le choix durable d&#039;Abet Laminati: le c\u0153ur du stratifi\u00e9 est compos\u00e9 \u00e0 100 % de papier kraft recycl\u00e9 post-consommation.\" \/>\n<meta property=\"og:url\" content=\"https:\/\/be.abetlaminati.com\/fr\/re-abet\/\" \/>\n<meta property=\"og:site_name\" content=\"Abet Laminati BE\" \/>\n<meta property=\"article:modified_time\" content=\"2025-12-16T20:12:39+00:00\" \/>\n<meta property=\"og:image\" content=\"https:\/\/be.abetlaminati.com\/wp-content\/uploads\/sites\/15\/2025\/12\/Abet-Laminati_icona-lettera_Re-Abet.webp\" \/>\n\t<meta property=\"og:image:width\" content=\"1500\" \/>\n\t<meta property=\"og:image:height\" content=\"1500\" \/>\n\t<meta property=\"og:image:type\" content=\"image\/webp\" \/>\n<meta name=\"twitter:card\" content=\"summary_large_image\" \/>\n<script type=\"application\/ld+json\" class=\"yoast-schema-graph\">{\"@context\":\"https:\/\/schema.org\",\"@graph\":[{\"@type\":\"WebPage\",\"@id\":\"https:\/\/be.abetlaminati.com\/fr\/re-abet\/\",\"url\":\"https:\/\/be.abetlaminati.com\/fr\/re-abet\/\",\"name\":\"Re-Abet | Abet Laminati BE\",\"isPartOf\":{\"@id\":\"https:\/\/be.abetlaminati.com\/#website\"},\"primaryImageOfPage\":{\"@id\":\"https:\/\/be.abetlaminati.com\/fr\/re-abet\/#primaryimage\"},\"image\":{\"@id\":\"https:\/\/be.abetlaminati.com\/fr\/re-abet\/#primaryimage\"},\"thumbnailUrl\":\"https:\/\/be.abetlaminati.com\/wp-content\/uploads\/sites\/15\/2025\/12\/Abet-Laminati_icona-lettera_Re-Abet.webp\",\"datePublished\":\"2025-12-16T20:06:37+00:00\",\"dateModified\":\"2025-12-16T20:12:39+00:00\",\"description\":\"Re-Abet repr\u00e9sente le choix durable d'Abet Laminati: le c\u0153ur du stratifi\u00e9 est compos\u00e9 \u00e0 100 % de papier kraft recycl\u00e9 post-consommation.\",\"breadcrumb\":{\"@id\":\"https:\/\/be.abetlaminati.com\/fr\/re-abet\/#breadcrumb\"},\"inLanguage\":\"fr-FR\",\"potentialAction\":[{\"@type\":\"ReadAction\",\"target\":[\"https:\/\/be.abetlaminati.com\/fr\/re-abet\/\"]}]},{\"@type\":\"ImageObject\",\"inLanguage\":\"fr-FR\",\"@id\":\"https:\/\/be.abetlaminati.com\/fr\/re-abet\/#primaryimage\",\"url\":\"https:\/\/be.abetlaminati.com\/wp-content\/uploads\/sites\/15\/2025\/12\/Abet-Laminati_icona-lettera_Re-Abet.webp\",\"contentUrl\":\"https:\/\/be.abetlaminati.com\/wp-content\/uploads\/sites\/15\/2025\/12\/Abet-Laminati_icona-lettera_Re-Abet.webp\",\"width\":1500,\"height\":1500},{\"@type\":\"BreadcrumbList\",\"@id\":\"https:\/\/be.abetlaminati.com\/fr\/re-abet\/#breadcrumb\",\"itemListElement\":[{\"@type\":\"ListItem\",\"position\":1,\"name\":\"Home\",\"item\":\"https:\/\/be.abetlaminati.com\/fr\/\"},{\"@type\":\"ListItem\",\"position\":2,\"name\":\"Re-Abet\"}]},{\"@type\":\"WebSite\",\"@id\":\"https:\/\/be.abetlaminati.com\/#website\",\"url\":\"https:\/\/be.abetlaminati.com\/\",\"name\":\"Abet Laminati\",\"description\":\"\",\"potentialAction\":[{\"@type\":\"SearchAction\",\"target\":{\"@type\":\"EntryPoint\",\"urlTemplate\":\"https:\/\/be.abetlaminati.com\/?s={search_term_string}\"},\"query-input\":{\"@type\":\"PropertyValueSpecification\",\"valueRequired\":true,\"valueName\":\"search_term_string\"}}],\"inLanguage\":\"fr-FR\"}]}<\/script>\n<!-- \/ Yoast SEO plugin. -->","yoast_head_json":{"title":"Re-Abet | Abet Laminati BE","description":"Re-Abet repr\u00e9sente le choix durable d'Abet Laminati: le c\u0153ur du stratifi\u00e9 est compos\u00e9 \u00e0 100 % de papier kraft recycl\u00e9 post-consommation.","robots":{"index":"index","follow":"follow","max-snippet":"max-snippet:-1","max-image-preview":"max-image-preview:large","max-video-preview":"max-video-preview:-1"},"canonical":"https:\/\/be.abetlaminati.com\/fr\/re-abet\/","og_locale":"fr_FR","og_type":"article","og_title":"Re-Abet | Abet Laminati BE","og_description":"Re-Abet repr\u00e9sente le choix durable d'Abet Laminati: le c\u0153ur du stratifi\u00e9 est compos\u00e9 \u00e0 100 % de papier kraft recycl\u00e9 post-consommation.","og_url":"https:\/\/be.abetlaminati.com\/fr\/re-abet\/","og_site_name":"Abet Laminati BE","article_modified_time":"2025-12-16T20:12:39+00:00","og_image":[{"width":1500,"height":1500,"url":"https:\/\/be.abetlaminati.com\/wp-content\/uploads\/sites\/15\/2025\/12\/Abet-Laminati_icona-lettera_Re-Abet.webp","type":"image\/webp"}],"twitter_card":"summary_large_image","schema":{"@context":"https:\/\/schema.org","@graph":[{"@type":"WebPage","@id":"https:\/\/be.abetlaminati.com\/fr\/re-abet\/","url":"https:\/\/be.abetlaminati.com\/fr\/re-abet\/","name":"Re-Abet | Abet Laminati BE","isPartOf":{"@id":"https:\/\/be.abetlaminati.com\/#website"},"primaryImageOfPage":{"@id":"https:\/\/be.abetlaminati.com\/fr\/re-abet\/#primaryimage"},"image":{"@id":"https:\/\/be.abetlaminati.com\/fr\/re-abet\/#primaryimage"},"thumbnailUrl":"https:\/\/be.abetlaminati.com\/wp-content\/uploads\/sites\/15\/2025\/12\/Abet-Laminati_icona-lettera_Re-Abet.webp","datePublished":"2025-12-16T20:06:37+00:00","dateModified":"2025-12-16T20:12:39+00:00","description":"Re-Abet repr\u00e9sente le choix durable d'Abet Laminati: le c\u0153ur du stratifi\u00e9 est compos\u00e9 \u00e0 100 % de papier kraft recycl\u00e9 post-consommation.","breadcrumb":{"@id":"https:\/\/be.abetlaminati.com\/fr\/re-abet\/#breadcrumb"},"inLanguage":"fr-FR","potentialAction":[{"@type":"ReadAction","target":["https:\/\/be.abetlaminati.com\/fr\/re-abet\/"]}]},{"@type":"ImageObject","inLanguage":"fr-FR","@id":"https:\/\/be.abetlaminati.com\/fr\/re-abet\/#primaryimage","url":"https:\/\/be.abetlaminati.com\/wp-content\/uploads\/sites\/15\/2025\/12\/Abet-Laminati_icona-lettera_Re-Abet.webp","contentUrl":"https:\/\/be.abetlaminati.com\/wp-content\/uploads\/sites\/15\/2025\/12\/Abet-Laminati_icona-lettera_Re-Abet.webp","width":1500,"height":1500},{"@type":"BreadcrumbList","@id":"https:\/\/be.abetlaminati.com\/fr\/re-abet\/#breadcrumb","itemListElement":[{"@type":"ListItem","position":1,"name":"Home","item":"https:\/\/be.abetlaminati.com\/fr\/"},{"@type":"ListItem","position":2,"name":"Re-Abet"}]},{"@type":"WebSite","@id":"https:\/\/be.abetlaminati.com\/#website","url":"https:\/\/be.abetlaminati.com\/","name":"Abet Laminati","description":"","potentialAction":[{"@type":"SearchAction","target":{"@type":"EntryPoint","urlTemplate":"https:\/\/be.abetlaminati.com\/?s={search_term_string}"},"query-input":{"@type":"PropertyValueSpecification","valueRequired":true,"valueName":"search_term_string"}}],"inLanguage":"fr-FR"}]}},"_links":{"self":[{"href":"https:\/\/be.abetlaminati.com\/fr\/wp-json\/wp\/v2\/pages\/12211","targetHints":{"allow":["GET"]}}],"collection":[{"href":"https:\/\/be.abetlaminati.com\/fr\/wp-json\/wp\/v2\/pages"}],"about":[{"href":"https:\/\/be.abetlaminati.com\/fr\/wp-json\/wp\/v2\/types\/page"}],"author":[{"embeddable":true,"href":"https:\/\/be.abetlaminati.com\/fr\/wp-json\/wp\/v2\/users\/1"}],"replies":[{"embeddable":true,"href":"https:\/\/be.abetlaminati.com\/fr\/wp-json\/wp\/v2\/comments?post=12211"}],"version-history":[{"count":4,"href":"https:\/\/be.abetlaminati.com\/fr\/wp-json\/wp\/v2\/pages\/12211\/revisions"}],"predecessor-version":[{"id":12219,"href":"https:\/\/be.abetlaminati.com\/fr\/wp-json\/wp\/v2\/pages\/12211\/revisions\/12219"}],"wp:featuredmedia":[{"embeddable":true,"href":"https:\/\/be.abetlaminati.com\/fr\/wp-json\/wp\/v2\/media\/12195"}],"wp:attachment":[{"href":"https:\/\/be.abetlaminati.com\/fr\/wp-json\/wp\/v2\/media?parent=12211"}],"curies":[{"name":"wp","href":"https:\/\/api.w.org\/{rel}","templated":true}]}}